{"id":17450,"date":"2025-12-01T11:18:55","date_gmt":"2025-12-01T10:18:55","guid":{"rendered":"https:\/\/akgsverigesdev.wpenginepowered.com\/?page_id=17450"},"modified":"2026-03-17T12:24:29","modified_gmt":"2026-03-17T11:24:29","slug":"privacy-policy-svenska","status":"publish","type":"page","link":"https:\/\/akgsverige.se\/en\/privacy-policy-svenska\/","title":{"rendered":"Privacy Policy &#8211; Svenska"},"content":{"rendered":"&#13;\n<h2 class=\"wp-block-heading\" data-start=\"138\" data-end=\"158\"><strong data-start=\"141\" data-end=\"156\">Who we are<\/strong><\/h2>&#13;\n<p data-start=\"159\" data-end=\"229\">V\u00e5r webbplatsadress \u00e4r: <strong data-start=\"183\" data-end=\"229\"><a class=\"decorated-link\" href=\"https:\/\/akgsverige.se\/en\/\" target=\"_new\" rel=\"noopener\" data-start=\"185\" data-end=\"227\">https:\/\/akgsverige.se<\/a><\/strong><\/p>&#13;\n<h2 data-start=\"231\" data-end=\"251\"><strong data-start=\"234\" data-end=\"249\">Comments<\/strong><\/h2>&#13;\n<p data-start=\"252\" data-end=\"456\">N\u00e4r bes\u00f6kare l\u00e4mnar kommentarer p\u00e5 webbplatsen samlar vi in den data som visas i kommentarsformul\u00e4ret, samt bes\u00f6karens IP-adress och webbl\u00e4sarens anv\u00e4ndaragentstr\u00e4ng f\u00f6r att hj\u00e4lpa till att uppt\u00e4cka spam.<\/p>&#13;\n<p data-start=\"458\" data-end=\"773\">En anonymiserad str\u00e4ng som skapas fr\u00e5n din e-postadress (\u00e4ven kallad hash) kan skickas till Gravatar-tj\u00e4nsten f\u00f6r att se om du anv\u00e4nder den. Gravatars integritetspolicy finns h\u00e4r: <a class=\"decorated-link\" href=\"https:\/\/automattic.com\/privacy\/\" target=\"_new\" rel=\"noopener\" data-start=\"638\" data-end=\"669\">https:\/\/automattic.com\/privacy\/<\/a>.<br data-start=\"670\" data-end=\"673\"\/>N\u00e4r din kommentar har godk\u00e4nts blir din profilbild synlig f\u00f6r allm\u00e4nheten i samband med kommentaren.<\/p>&#13;\n<h2 data-start=\"775\" data-end=\"789\"><strong data-start=\"778\" data-end=\"787\">Media<\/strong><\/h2>&#13;\n<p data-start=\"790\" data-end=\"993\">Om du laddar upp bilder till webbplatsen b\u00f6r du undvika att ladda upp bilder som inneh\u00e5ller inb\u00e4ddad platsdata (EXIF GPS). Bes\u00f6kare p\u00e5 webbplatsen kan ladda ner och extrahera s\u00e5dan platsdata fr\u00e5n bilder.<\/p>&#13;\n<h2 data-start=\"995\" data-end=\"1011\"><strong data-start=\"998\" data-end=\"1009\">Cookies<\/strong><\/h2>&#13;\n<p data-start=\"1012\" data-end=\"1267\">Om du l\u00e4mnar en kommentar p\u00e5 v\u00e5r webbplats kan du v\u00e4lja att spara ditt namn, din e-postadress och din webbplats i cookies. Detta \u00e4r f\u00f6r din bekv\u00e4mlighet s\u00e5 att du inte beh\u00f6ver fylla i dina uppgifter igen vid n\u00e4sta kommentar. Dessa cookies sparas i ett \u00e5r.<\/p>&#13;\n<p data-start=\"1269\" data-end=\"1481\">Om du bes\u00f6ker v\u00e5r inloggningssida kommer vi att skapa en tillf\u00e4llig cookie f\u00f6r att avg\u00f6ra om din webbl\u00e4sare accepterar cookies. Denna cookie inneh\u00e5ller ingen personlig data och raderas n\u00e4r du st\u00e4nger webbl\u00e4saren.<\/p>&#13;\n<p data-start=\"1483\" data-end=\"1603\">N\u00e4r du loggar in skapar vi flera cookies f\u00f6r att spara din inloggningsinformation och dina sk\u00e4rmvisningsinst\u00e4llningar.<\/p>&#13;\n<ul data-start=\"1604\" data-end=\"1811\">&#13;\n<li data-start=\"1604\" data-end=\"1645\">&#13;\n<p data-start=\"1606\" data-end=\"1645\">Inloggningscookies sparas i tv\u00e5 dagar<\/p>&#13;\n<\/li>&#13;\n<li data-start=\"1646\" data-end=\"1811\">&#13;\n<p data-start=\"1648\" data-end=\"1811\">Cookies f\u00f6r sk\u00e4rmalternativ sparas i ett \u00e5r<br data-start=\"1691\" data-end=\"1694\"\/>Om du v\u00e4ljer \u201dKom ih\u00e5g mig\u201d kommer din inloggning kvarst\u00e5 i tv\u00e5 veckor. N\u00e4r du loggar ut tas inloggningscookies bort.<\/p>&#13;\n<\/li>&#13;\n<\/ul>&#13;\n<p data-start=\"1813\" data-end=\"2034\">Om du redigerar eller publicerar en artikel sparas en ytterligare cookie i din webbl\u00e4sare. Den inneh\u00e5ller ingen personlig data utan anger bara ID-numret f\u00f6r det inl\u00e4gg du just redigerat. Den upph\u00f6r att g\u00e4lla efter en dag.<\/p>&#13;\n<h2 data-start=\"2036\" data-end=\"2085\"><strong data-start=\"2039\" data-end=\"2083\">Embedded content from other websites<\/strong><\/h2>&#13;\n<p data-start=\"2086\" data-end=\"2296\">Artiklar p\u00e5 denna webbplats kan inneh\u00e5lla inb\u00e4ddat inneh\u00e5ll (t.ex. videor, bilder, artiklar). Inb\u00e4ddat inneh\u00e5ll fr\u00e5n andra webbplatser beter sig p\u00e5 samma s\u00e4tt som om bes\u00f6karen hade bes\u00f6kt den andra webbplatsen.<\/p>&#13;\n<p data-start=\"2298\" data-end=\"2525\">Dessa webbplatser kan samla in data om dig, anv\u00e4nda cookies, b\u00e4dda in ytterligare tredjepartssp\u00e5rning och \u00f6vervaka din interaktion med det inb\u00e4ddade inneh\u00e5llet \u2013 inklusive om du har ett konto och \u00e4r inloggad p\u00e5 den webbplatsen.<\/p>&#13;\n<h2 data-start=\"2527\" data-end=\"2561\"><strong data-start=\"2530\" data-end=\"2559\">Who we share your data with<\/strong><\/h2>&#13;\n<p data-start=\"2562\" data-end=\"2684\">Om du beg\u00e4r en \u00e5terst\u00e4llning av l\u00f6senord kommer din IP-adress att inkluderas i e-postmeddelandet med \u00e5terst\u00e4llningsl\u00e4nken.<\/p>&#13;\n<h2 data-start=\"2686\" data-end=\"2723\"><strong data-start=\"2689\" data-end=\"2721\">How long we keep your data<\/strong><\/h2>&#13;\n<p data-start=\"2724\" data-end=\"2920\">Om du l\u00e4mnar en kommentar sparas kommentaren och dess metadata tills vidare. Detta g\u00f6r att vi automatiskt kan k\u00e4nna igen och godk\u00e4nna uppf\u00f6ljande kommentarer utan att h\u00e5lla dem i en modereringsk\u00f6.<\/p>&#13;\n<p data-start=\"2922\" data-end=\"3263\">F\u00f6r anv\u00e4ndare som registrerar sig p\u00e5 v\u00e5r webbplats (om n\u00e5gra) sparar vi \u00e4ven den personliga information de anger i sin anv\u00e4ndarprofil. Alla anv\u00e4ndare kan se, redigera eller radera sin personliga information n\u00e4r som helst (f\u00f6rutom anv\u00e4ndarnamnet, som inte kan \u00e4ndras). Webbplatsens administrat\u00f6rer kan ocks\u00e5 se och redigera den informationen.<\/p>&#13;\n<h2 data-start=\"3265\" data-end=\"3312\"><strong data-start=\"3268\" data-end=\"3310\">What rights you have over your data<\/strong><\/h2>&#13;\n<p data-start=\"3313\" data-end=\"3675\">Om du har ett konto p\u00e5 webbplatsen eller har l\u00e4mnat kommentarer kan du beg\u00e4ra en exportfil med den personliga data vi har om dig, inklusive den data du sj\u00e4lv har tillhandah\u00e5llit. Du kan \u00e4ven beg\u00e4ra att vi raderar all personlig data vi har om dig. Detta inkluderar inte data som vi \u00e4r skyldiga att beh\u00e5lla av administrativa, juridiska eller s\u00e4kerhetsm\u00e4ssiga sk\u00e4l.<\/p>&#13;\n<h2 data-start=\"3677\" data-end=\"3707\"><strong data-start=\"3680\" data-end=\"3705\">Where your data is sent<\/strong><\/h2>&#13;\n<p data-start=\"3708\" data-end=\"3806\">Bes\u00f6kares kommentarer kan kontrolleras via en automatiserad tj\u00e4nst f\u00f6r identifiering av skr\u00e4ppost.<\/p>","protected":false},"excerpt":{"rendered":"<p>&#13; Who we are &#13; V\u00e5r webbplatsadress \u00e4r: https:\/\/akgsverige.se &#13; Comments &#13; N\u00e4r bes\u00f6kare l\u00e4mnar kommentarer p\u00e5 webbplatsen samlar vi in den data som visas i kommentarsformul\u00e4ret, samt bes\u00f6karens IP-adress&#8230;<\/p>\n","protected":false},"author":5,"featured_media":0,"parent":0,"menu_order":0,"comment_status":"closed","ping_status":"closed","template":"","meta":{"_monsterinsights_skip_tracking":false,"_monsterinsights_sitenote_active":false,"_monsterinsights_sitenote_note":"","_monsterinsights_sitenote_category":0,"footnotes":""},"class_list":["post-17450","page","type-page","status-publish"],"yoast_head":"<!-- This site is optimized with the Yoast SEO plugin v27.1.1 - https:\/\/yoast.com\/product\/yoast-seo-wordpress\/ -->\n<title>Privacy Policy - Svenska - AKG Sverige<\/title>\n<meta name=\"robots\" content=\"index, follow, max-snippet:-1, max-image-preview:large, max-video-preview:-1\" \/>\n<link rel=\"canonical\" href=\"https:\/\/akgsverige.se\/en\/privacy-policy-svenska\/\" \/>\n<meta property=\"og:locale\" content=\"en_US\" \/>\n<meta property=\"og:type\" content=\"article\" \/>\n<meta property=\"og:title\" content=\"Privacy Policy - Svenska - AKG Sverige\" \/>\n<meta property=\"og:description\" content=\"&#013; Who we are &#013; V\u00e5r webbplatsadress \u00e4r: https:\/\/akgsverige.se &#013; Comments &#013; N\u00e4r bes\u00f6kare l\u00e4mnar kommentarer p\u00e5 webbplatsen samlar vi in den data som visas i kommentarsformul\u00e4ret, samt bes\u00f6karens IP-adress...\" \/>\n<meta property=\"og:url\" content=\"https:\/\/akgsverige.se\/en\/privacy-policy-svenska\/\" \/>\n<meta property=\"og:site_name\" content=\"AKG Sverige\" \/>\n<meta property=\"article:modified_time\" content=\"2026-03-17T11:24:29+00:00\" \/>\n<meta name=\"twitter:card\" content=\"summary_large_image\" \/>\n<meta name=\"twitter:label1\" content=\"Est. reading time\" \/>\n\t<meta name=\"twitter:data1\" content=\"3 minutes\" \/>\n<script type=\"application\/ld+json\" class=\"yoast-schema-graph\">{\"@context\":\"https:\/\/schema.org\",\"@graph\":[{\"@type\":\"WebPage\",\"@id\":\"https:\/\/akgsverige.se\/en\/privacy-policy-svenska\/\",\"url\":\"https:\/\/akgsverige.se\/en\/privacy-policy-svenska\/\",\"name\":\"Privacy Policy - Svenska - AKG Sverige\",\"isPartOf\":{\"@id\":\"https:\/\/akgsverige.se\/en\/#website\"},\"datePublished\":\"2025-12-01T10:18:55+00:00\",\"dateModified\":\"2026-03-17T11:24:29+00:00\",\"breadcrumb\":{\"@id\":\"https:\/\/akgsverige.se\/en\/privacy-policy-svenska\/#breadcrumb\"},\"inLanguage\":\"en-US\",\"potentialAction\":[{\"@type\":\"ReadAction\",\"target\":[\"https:\/\/akgsverige.se\/en\/privacy-policy-svenska\/\"]}]},{\"@type\":\"BreadcrumbList\",\"@id\":\"https:\/\/akgsverige.se\/en\/privacy-policy-svenska\/#breadcrumb\",\"itemListElement\":[{\"@type\":\"ListItem\",\"position\":1,\"name\":\"Home\",\"item\":\"https:\/\/akgsverige.se\/en\/\"},{\"@type\":\"ListItem\",\"position\":2,\"name\":\"Privacy Policy &#8211; Svenska\"}]},{\"@type\":\"WebSite\",\"@id\":\"https:\/\/akgsverige.se\/en\/#website\",\"url\":\"https:\/\/akgsverige.se\/en\/\",\"name\":\"AKG Sverige\",\"description\":\"\",\"potentialAction\":[{\"@type\":\"SearchAction\",\"target\":{\"@type\":\"EntryPoint\",\"urlTemplate\":\"https:\/\/akgsverige.se\/en\/?s={search_term_string}\"},\"query-input\":{\"@type\":\"PropertyValueSpecification\",\"valueRequired\":true,\"valueName\":\"search_term_string\"}}],\"inLanguage\":\"en-US\"}]}<\/script>\n<!-- \/ Yoast SEO plugin. -->","yoast_head_json":{"title":"Privacy Policy - Svenska - AKG Sverige","robots":{"index":"index","follow":"follow","max-snippet":"max-snippet:-1","max-image-preview":"max-image-preview:large","max-video-preview":"max-video-preview:-1"},"canonical":"https:\/\/akgsverige.se\/en\/privacy-policy-svenska\/","og_locale":"en_US","og_type":"article","og_title":"Privacy Policy - Svenska - AKG Sverige","og_description":"&#13; Who we are &#13; V\u00e5r webbplatsadress \u00e4r: https:\/\/akgsverige.se &#13; Comments &#13; N\u00e4r bes\u00f6kare l\u00e4mnar kommentarer p\u00e5 webbplatsen samlar vi in den data som visas i kommentarsformul\u00e4ret, samt bes\u00f6karens IP-adress...","og_url":"https:\/\/akgsverige.se\/en\/privacy-policy-svenska\/","og_site_name":"AKG Sverige","article_modified_time":"2026-03-17T11:24:29+00:00","twitter_card":"summary_large_image","twitter_misc":{"Est. reading time":"3 minutes"},"schema":{"@context":"https:\/\/schema.org","@graph":[{"@type":"WebPage","@id":"https:\/\/akgsverige.se\/en\/privacy-policy-svenska\/","url":"https:\/\/akgsverige.se\/en\/privacy-policy-svenska\/","name":"Privacy Policy - Svenska - AKG Sverige","isPartOf":{"@id":"https:\/\/akgsverige.se\/en\/#website"},"datePublished":"2025-12-01T10:18:55+00:00","dateModified":"2026-03-17T11:24:29+00:00","breadcrumb":{"@id":"https:\/\/akgsverige.se\/en\/privacy-policy-svenska\/#breadcrumb"},"inLanguage":"en-US","potentialAction":[{"@type":"ReadAction","target":["https:\/\/akgsverige.se\/en\/privacy-policy-svenska\/"]}]},{"@type":"BreadcrumbList","@id":"https:\/\/akgsverige.se\/en\/privacy-policy-svenska\/#breadcrumb","itemListElement":[{"@type":"ListItem","position":1,"name":"Home","item":"https:\/\/akgsverige.se\/en\/"},{"@type":"ListItem","position":2,"name":"Privacy Policy &#8211; Svenska"}]},{"@type":"WebSite","@id":"https:\/\/akgsverige.se\/en\/#website","url":"https:\/\/akgsverige.se\/en\/","name":"AKG Sverige","description":"","potentialAction":[{"@type":"SearchAction","target":{"@type":"EntryPoint","urlTemplate":"https:\/\/akgsverige.se\/en\/?s={search_term_string}"},"query-input":{"@type":"PropertyValueSpecification","valueRequired":true,"valueName":"search_term_string"}}],"inLanguage":"en-US"}]}},"_links":{"self":[{"href":"https:\/\/akgsverige.se\/en\/wp-json\/wp\/v2\/pages\/17450","targetHints":{"allow":["GET"]}}],"collection":[{"href":"https:\/\/akgsverige.se\/en\/wp-json\/wp\/v2\/pages"}],"about":[{"href":"https:\/\/akgsverige.se\/en\/wp-json\/wp\/v2\/types\/page"}],"author":[{"embeddable":true,"href":"https:\/\/akgsverige.se\/en\/wp-json\/wp\/v2\/users\/5"}],"replies":[{"embeddable":true,"href":"https:\/\/akgsverige.se\/en\/wp-json\/wp\/v2\/comments?post=17450"}],"version-history":[{"count":0,"href":"https:\/\/akgsverige.se\/en\/wp-json\/wp\/v2\/pages\/17450\/revisions"}],"wp:attachment":[{"href":"https:\/\/akgsverige.se\/en\/wp-json\/wp\/v2\/media?parent=17450"}],"curies":[{"name":"wp","href":"https:\/\/api.w.org\/{rel}","templated":true}]}}